{"id":33,"date":"2024-12-18T08:52:45","date_gmt":"2024-12-18T08:52:45","guid":{"rendered":"https:\/\/map.seap.vn\/?page_id=33"},"modified":"2025-01-20T09:02:49","modified_gmt":"2025-01-20T09:02:49","slug":"home","status":"publish","type":"page","link":"https:\/\/map.seap.vn\/","title":{"rendered":"home"},"content":{"rendered":"\t\t<div data-elementor-type=\"wp-page\" data-elementor-id=\"33\" class=\"elementor elementor-33\">\n\t\t\t\t<div class=\"elementor-element elementor-element-d5031fa e-flex e-con-boxed e-con e-parent\" data-id=\"d5031fa\" data-element_type=\"container\" data-settings=\"{&quot;background_background&quot;:&quot;classic&quot;}\">\n\t\t\t\t\t<div class=\"e-con-inner\">\n\t\t<div class=\"elementor-element elementor-element-9b35a6c e-con-full e-flex e-con e-child\" data-id=\"9b35a6c\" data-element_type=\"container\">\n\t\t\t\t<div class=\"elementor-element elementor-element-9e92ecd elementor-widget elementor-widget-text-editor\" data-id=\"9e92ecd\" data-element_type=\"widget\" data-widget_type=\"text-editor.default\">\n\t\t\t\t<div class=\"elementor-widget-container\">\n\t\t\t\t\t\t\t\t\t<h3><strong>Kh\u00e1m ph\u00e1 th\u1ebf gi\u1edbi qua g\u00f3c nh\u00ecn th\u1ef1c t\u1ebf \u1ea3o<\/strong><\/h3><div><strong><br><\/strong><\/div><p>Ch\u00e0o m\u1eebng b\u1ea1n \u0111\u1ebfn v\u1edbi b\u1ea3n \u0111\u1ed3 tour VR 360 \u2013 m\u1ed9t gi\u1ea3i ph\u00e1p c\u00f4ng ngh\u1ec7 hi\u1ec7n \u0111\u1ea1i gi\u00fap b\u1ea1n tr\u1ea3i nghi\u1ec7m c\u00e1c \u0111i\u1ec3m \u0111\u1ebfn \u0111\u1eb7c s\u1eafc nh\u01b0 \u0111ang hi\u1ec7n di\u1ec7n t\u1ea1i \u0111\u00f3.<\/p><p><br><\/p><p>V\u1edbi giao di\u1ec7n tr\u1ef1c quan v\u00e0 h\u00ecnh \u1ea3nh 360 \u0111\u1ed9 s\u1ed1ng \u0111\u1ed9ng, b\u1ea1n c\u00f3 th\u1ec3 d\u1ec5 d\u00e0ng kh\u00e1m ph\u00e1 nh\u1eefng danh lam th\u1eafng c\u1ea3nh, \u0111\u1ecba \u0111i\u1ec3m v\u0103n h\u00f3a, v\u00e0 k\u1ef3 quan ki\u1ebfn tr\u00fac m\u00e0 kh\u00f4ng c\u1ea7n di chuy\u1ec3n. Ch\u1ec9 c\u1ea7n ch\u1ecdn m\u1ed9t \u0111\u1ecba danh t\u1eeb b\u1ea3n \u0111\u1ed3, b\u1ea1n s\u1ebd \u0111\u01b0\u1ee3c h\u00f2a m\u00ecnh v\u00e0o kh\u00f4ng gian ch\u00e2n th\u1ef1c t\u1eeb m\u1ecdi g\u00f3c nh\u00ecn.<\/p><p><br><\/p><p>H\u00e3y b\u1eaft \u0111\u1ea7u h\u00e0nh tr\u00ecnh c\u1ee7a b\u1ea1n ngay h\u00f4m nay v\u00e0 c\u1ea3m nh\u1eadn v\u1ebb \u0111\u1eb9p c\u1ee7a th\u1ebf gi\u1edbi theo m\u1ed9t c\u00e1ch ho\u00e0n to\u00e0n m\u1edbi m\u1ebb.<\/p>\t\t\t\t\t\t\t\t<\/div>\n\t\t\t\t<\/div>\n\t\t\t\t<\/div>\n\t\t<div class=\"elementor-element elementor-element-2fa6bcd e-con-full e-flex e-con e-child\" data-id=\"2fa6bcd\" data-element_type=\"container\">\n\t\t\t\t<div class=\"elementor-element elementor-element-b07e847 elementor-widget elementor-widget-shortcode\" data-id=\"b07e847\" data-element_type=\"widget\" data-widget_type=\"shortcode.default\">\n\t\t\t\t<div class=\"elementor-widget-container\">\n\t\t\t\t\t\t\t<div class=\"elementor-shortcode\"><div class=\"map_wrapper\" id=\"map_wrapper_7\">\n<div class=\"map_box\" style=\"max-width:2200px\">\n<div class=\"map_aspect_ratio\" style=\"padding-top:96%\" data-padding-top=\"96%\" data-padding-top-mobile=\"0%\">\n<div class=\"map_container\">\n<div class=\"map_render map_loading\" id=\"map_7\"><\/div>\n<\/div>\n<\/div>\n<\/div>\n<\/div><\/div>\n\t\t\t\t\t\t<\/div>\n\t\t\t\t<\/div>\n\t\t\t\t<\/div>\n\t\t\t\t\t<\/div>\n\t\t\t\t<\/div>\n\t\t\t\t<\/div>\n\t\t","protected":false},"excerpt":{"rendered":"<p>Kh\u00e1m ph\u00e1 th\u1ebf gi\u1edbi qua g\u00f3c nh\u00ecn th\u1ef1c t\u1ebf \u1ea3o Ch\u00e0o m\u1eebng b\u1ea1n \u0111\u1ebfn v\u1edbi b\u1ea3n \u0111\u1ed3 tour VR 360 \u2013 m\u1ed9t gi\u1ea3i ph\u00e1p c\u00f4ng ngh\u1ec7 hi\u1ec7n \u0111\u1ea1i gi\u00fap b\u1ea1n tr\u1ea3i nghi\u1ec7m c\u00e1c \u0111i\u1ec3m \u0111\u1ebfn \u0111\u1eb7c s\u1eafc nh\u01b0 \u0111ang hi\u1ec7n di\u1ec7n t\u1ea1i \u0111\u00f3. V\u1edbi giao di\u1ec7n tr\u1ef1c quan v\u00e0 h\u00ecnh \u1ea3nh 360 \u0111\u1ed9 s\u1ed1ng \u0111\u1ed9ng,<a class=\"more-link\" href=\"https:\/\/map.seap.vn\/\">Continue reading <span class=\"screen-reader-text\">&#8220;home&#8221;<\/span><\/a><\/p>\n","protected":false},"author":1,"featured_media":0,"parent":0,"menu_order":0,"comment_status":"closed","ping_status":"closed","template":"template-page-builder-no-header-footer.php","meta":{"footnotes":""},"class_list":["post-33","page","type-page","status-publish","hentry","entry"],"_links":{"self":[{"href":"https:\/\/map.seap.vn\/index.php?rest_route=\/wp\/v2\/pages\/33","targetHints":{"allow":["GET"]}}],"collection":[{"href":"https:\/\/map.seap.vn\/index.php?rest_route=\/wp\/v2\/pages"}],"about":[{"href":"https:\/\/map.seap.vn\/index.php?rest_route=\/wp\/v2\/types\/page"}],"author":[{"embeddable":true,"href":"https:\/\/map.seap.vn\/index.php?rest_route=\/wp\/v2\/users\/1"}],"replies":[{"embeddable":true,"href":"https:\/\/map.seap.vn\/index.php?rest_route=%2Fwp%2Fv2%2Fcomments&post=33"}],"version-history":[{"count":62,"href":"https:\/\/map.seap.vn\/index.php?rest_route=\/wp\/v2\/pages\/33\/revisions"}],"predecessor-version":[{"id":162,"href":"https:\/\/map.seap.vn\/index.php?rest_route=\/wp\/v2\/pages\/33\/revisions\/162"}],"wp:attachment":[{"href":"https:\/\/map.seap.vn\/index.php?rest_route=%2Fwp%2Fv2%2Fmedia&parent=33"}],"curies":[{"name":"wp","href":"https:\/\/api.w.org\/{rel}","templated":true}]}}